{"id":99,"date":"2017-09-12T12:27:45","date_gmt":"2017-09-12T10:27:45","guid":{"rendered":"http:\/\/bethesdakirche-leipzig.de\/wordpress1\/?page_id=99"},"modified":"2025-04-21T22:20:25","modified_gmt":"2025-04-21T20:20:25","slug":"abendmahl","status":"publish","type":"page","link":"https:\/\/bethesdakirche-leipzig.de\/wordpress1\/abendmahl\/","title":{"rendered":"Gedanken zum Abendmahl"},"content":{"rendered":"<p><img loading=\"lazy\" class=\"size-medium wp-image-335 alignleft\" src=\"http:\/\/bethesdakirche-leipzig.de\/wordpress1\/wp-content\/uploads\/2017\/11\/Abendmahlsgeschirr-300x260.jpg\" alt=\"\" width=\"300\" height=\"260\" srcset=\"https:\/\/bethesdakirche-leipzig.de\/wordpress1\/wp-content\/uploads\/2017\/11\/Abendmahlsgeschirr-300x260.jpg 300w, https:\/\/bethesdakirche-leipzig.de\/wordpress1\/wp-content\/uploads\/2017\/11\/Abendmahlsgeschirr.jpg 554w\" sizes=\"(max-width: 300px) 100vw, 300px\" \/><\/p>\n<h3>Wir feiern Abendmahl mit Kindern<\/h3>\n<h5>Vor einiger Zeit sprachen wir im Kindergottesdienstteam dar\u00fcber, was uns das Heilige Abendmahl bedeutet und wie wir mit den vielen Kindern in unserer Gemeinde eine gute Form zum Feiern finden. F\u00fcr Menschen jeden Alters geht es in erster Linie darum zu vertrauen, dass Jesus Christus im Abendmahl gegenw\u00e4rtig ist und uns Vergebung, St\u00e4rkung, Freude und Hoffnung schenkt. Hier haben Kinder gegen\u00fcber Erwachsenen eher einen Vorteil, denn sie nehmen st\u00e4rker noch mit allen Sinnen auf. Was gest\u00f6rte Gemeinschaft, was vers\u00f6hnte Gemeinschaft bedeutet, empfinden sie ganz unmittelbar. Vor einem verstandesm\u00e4\u00dfigen Erfassen kommt immer die Erfahrung. Abendmahlsfreude entsteht nicht aus der Unterweisung, sondern selbstverst\u00e4ndlich aus Erfahrung und Ein\u00fcbung. Auch wir Erwachsene k\u00f6nnen uns gut auf eine anstehende Abendmahlsfeier vorbereiten, indem wir f\u00fcr uns kl\u00e4ren, ob wir uns mit jemandem vers\u00f6hnen sollten. Vorbereitend beziehen wir in den Familien dann auch die Kinder ein. Zudem k\u00f6nnen Eltern mit ihren Kindern vor dem Abendmahlsgottesdienst \u00fcber das sprechen, was Jesus uns anbietet und schenkt. Zudem nutzen die Kindergottesdienstmitarbeitenden in den beiden Gruppen die Zeit bis zum Austeilen des Abendmahls, um mit den Kindern auf kindgem\u00e4\u00dfe Weise in dieses Geheimnis des Glaubens einzutauchen. Vor der Austeilung kommen dann die Kinder w\u00e4hrend einer Musik zu ihren Eltern und so sind alle eingeladen, sich von Jesus durch Brot und Traubensaft aus dem Kelch beschenken zu lassen. Diese Einladung nach vorn zu gehen ist freiwillig: f\u00fcr Kinder und f\u00fcr Erwachsene. Jedoch empfiehlt sich, im Vorfeld dar\u00fcber zu sprechen.<\/h5>\n<p>&nbsp;<\/p>\n<h3>Wir feiern Abendmahl als offenes Mahl<\/h3>\n<h5>\u00bbKommt alle, kommt zu Gottes Fest!\u00ab<\/h5>\n<h5>Das Abendmahl in der Evangelisch-methodistischen Kirche wird als offenes Abendmahl gefeiert. Eingeladen sind Glaubende und Suchende, Erwachsene wie Kinder. Das Abendmahl ist die Mitte christlicher Gemeinschaft. Jesus teilte Brot und Wein mit Ausgegrenzten sowie Menschen mit Schuld, ohne von ihnen ein Bekenntnis ihres Glaubens zu verlangen. Er l\u00e4dt sie alle ein, um an seinem Tisch zu zeigen: Gott geht in Vorleistung, er kommt uns entgegen und gibt, was uns satt machen kann. So wie Jesus mit seinen J\u00fcngern beim Abendmahl a\u00df und trank, l\u00e4dt er auch heute in die Gemeinschaft an seinen Tisch. Daher hat der Altar in unserer Kirche die Bedeutung eines Abendmahlstisches. Damit wird das Abendmahl als Zentrum der Gemeinschaft mit Christus betont. \u00bbZum Mahl des Herrn kann jeder gehen.\u00ab F\u00fcr den Begr\u00fcnder der methodistischen Bewegung, John Wesley, hatte das Beispiel Jesu Konsequenzen: Zum Abendmahl waren von Anfang an nicht nur Leute zugelassen, die fest im Glauben standen oder bew\u00e4hrte Glieder der Kirche waren. Jeder Mensch, der Sehnsucht nach Gott hatte, war eingeladen. Alle sollen \u00bbschmecken und sehen, wie freundlich der Herr ist\u00ab. Das kommt auch in vielen methodistischen Liedern zum Abendmahl zum Ausdruck: \u00bbKommt alle, kommt zu Gottes Fest, zu dem er euch jetzt laden l\u00e4sst\u00ab, dichtete Charles Wesley, der Bruder von John. \u00bbKein Mensch soll nun noch drau\u00dfen stehn, zum Mahl des Herrn kann jeder gehn.\u00ab Bis heute wird daher das offene Abendmahl bei uns gefeiert. Der Wunsch, Gott zu begegnen, gen\u00fcgt. John Wesley erkannte, dass Jesus Christus zum Abendmahl einl\u00e4dt, nicht etwa die Gemeinde. Christus l\u00e4dt jede und jeden an seinen Tisch: Kinder und Erwachsene, Frauen und M\u00e4nner, getauft oder nicht. Zum Empfang des Abendmahls w\u00fcrdig zu sein, liegt weder im tiefen Glauben noch in moralischer Fehlerlosigkeit oder im rechten Verst\u00e4ndnis des Abendmahls. Sie liegt darin, sich bed\u00fcrftig zu wissen und den Wunsch zu haben, Gott zu begegnen. Das ist genug. Es bleibt allein die Frage der Sehnsucht nach Gott: \u00bbWill ich Gemeinschaft mit Jesus Christus? Suche ich nach St\u00e4rkung meines Glaubens?\u00ab Wer diese Fragen mit \u00bbJa\u00ab beantworten kann, ist am Tisch des Herrn willkommen.<\/h5>\n<h5>(siehe <a href=\"http:\/\/www.emk.de\/glaube\/typisch-methodistisch\/\">http:\/\/www.emk.de\/glaube\/typisch-methodistisch\/<\/a> &#8211; leicht gek\u00fcrzt)<\/h5>\n<p>&nbsp;<\/p>\n<h3>Wir feiern Abendmahl als interaktives Geschehen<\/h3>\n<h5>Der Begr\u00fcnder der methodistischen Bewegung, John Wesley, empfahl, so oft wie m\u00f6glich am Abendmahl teilzunehmen. \u201eTut das immer wieder zur Erinnerung an mich!\u201c hei\u00dft es in der Abendmahls\u00fcberlieferung aus dem Munde Jesu. Das ist Jesu Testament, gerichtet an Menschen, die ihm nachfolgen, \u201eZeichen des Leibes und des Blutes zu empfangen bis zum Ende der Welt\u201c, so Wesley. Abendmahl zu feiern hei\u00dft, sichtbar am Bund Gottes teilzunehmen. Glaubende sind in dreifacher Hinsicht eingeflochten: erinnernd \u2013 vergegenw\u00e4rtigend \u2013 zukunftshoffend. Erinnernd daran, dass Jesus sein Leben hingegeben hat f\u00fcr uns. Vergegenw\u00e4rtigend, dass wir zum Leib Christi geh\u00f6ren, also Teil der Gemeinschaft der Glaubenden sind. Des Weiteren feiern wir Abendmahl zeichenhaft in Hoffnung auf die Vollendung des Reiches Gottes. Unser Feiern darf durchaus fr\u00f6hlichen dankbaren Charakter haben, wenn wir uns gel\u00f6st und frei f\u00fchlen und gest\u00e4rkt f\u00fcr den Glauben im Alltag.<br \/>\nJohn Wesley empfahl, sich durch Gebet und Selbstpr\u00fcfung vorzubereiten. Viele Christinnen und Christen nehmen das Abendmahl zum Anlass, zuvor Beziehungen in Ordnung zu bringen, sofern sie aktiv darauf Einfluss haben. Sollte es zu einer Vorbereitung keine Gelegenheit geben, gen\u00fcgt spontan die \u201eeindeutige Absicht des Herzens, Christus gem\u00e4\u00df zu leben und aufrichtiges Verlangen, sich unter seinen Zuspruch und Schutz zu stellen\u201c.<\/h5>\n<h5>Wer aus Krankheitsgr\u00fcnden lange nicht am Abendmahl im Gottesdienst der Gemeinde teilnehmen kann, hat die M\u00f6glichkeit, in kleinem Kreis zu Hause das heilige Abendmahl feiern. F\u00fcr diesen Wunsch fragt bitte bei Pastor Thomas Roscher nach.<\/h5>\n<h5>Wie erlebst Du die Abendmahlsfeier in der Gemeinde? Was ist Dir besonders wichtig?<\/h5>\n<p>&nbsp;<\/p>\n<h3>Wir feiern glutenfrei<\/h3>\n<h5>Damit auch Menschen mit Z\u00f6liakie und anderen Stufen der Glutenunvertr\u00e4glichkeit ohne Bedenken am Abendmahl teilnehmen k\u00f6nnen, werden bei uns ausschlie\u00dflich glutenfreie Hostien ausgeteilt. Eine Kontermination mit Gluten ist daher w\u00e4hrend des Abendmahls ausgeschlossen.<\/h5>\n<p>&nbsp;<\/p>\n","protected":false},"excerpt":{"rendered":"<p>Wir feiern Abendmahl mit Kindern Vor einiger Zeit sprachen wir im Kindergottesdienstteam dar\u00fcber, was uns das Heilige Abendmahl bedeutet und wie wir mit den vielen Kindern in unserer Gemeinde eine gute Form zum Feiern finden. F\u00fcr Menschen jeden Alters geht es in erster Linie darum zu vertrauen, dass Jesus Christus im Abendmahl gegenw\u00e4rtig ist und [&hellip;]<\/p>\n","protected":false},"author":2,"featured_media":0,"parent":0,"menu_order":0,"comment_status":"closed","ping_status":"closed","template":"","meta":{"_genesis_hide_title":false,"_genesis_hide_breadcrumbs":false,"_genesis_hide_singular_image":false,"_genesis_hide_footer_widgets":false,"_genesis_custom_body_class":"","_genesis_custom_post_class":"","_genesis_layout":""},"_links":{"self":[{"href":"https:\/\/bethesdakirche-leipzig.de\/wordpress1\/wp-json\/wp\/v2\/pages\/99"}],"collection":[{"href":"https:\/\/bethesdakirche-leipzig.de\/wordpress1\/wp-json\/wp\/v2\/pages"}],"about":[{"href":"https:\/\/bethesdakirche-leipzig.de\/wordpress1\/wp-json\/wp\/v2\/types\/page"}],"author":[{"embeddable":true,"href":"https:\/\/bethesdakirche-leipzig.de\/wordpress1\/wp-json\/wp\/v2\/users\/2"}],"replies":[{"embeddable":true,"href":"https:\/\/bethesdakirche-leipzig.de\/wordpress1\/wp-json\/wp\/v2\/comments?post=99"}],"version-history":[{"count":18,"href":"https:\/\/bethesdakirche-leipzig.de\/wordpress1\/wp-json\/wp\/v2\/pages\/99\/revisions"}],"predecessor-version":[{"id":3511,"href":"https:\/\/bethesdakirche-leipzig.de\/wordpress1\/wp-json\/wp\/v2\/pages\/99\/revisions\/3511"}],"wp:attachment":[{"href":"https:\/\/bethesdakirche-leipzig.de\/wordpress1\/wp-json\/wp\/v2\/media?parent=99"}],"curies":[{"name":"wp","href":"https:\/\/api.w.org\/{rel}","templated":true}]}}