{"id":55,"date":"2017-06-22T21:56:29","date_gmt":"2017-06-22T19:56:29","guid":{"rendered":"http:\/\/bethesdakirche-leipzig.de\/wordpress1\/?page_id=55"},"modified":"2025-12-13T16:01:31","modified_gmt":"2025-12-13T15:01:31","slug":"home","status":"publish","type":"page","link":"https:\/\/bethesdakirche-leipzig.de\/wordpress1\/home\/","title":{"rendered":"Willkommen\/\u00dcber uns"},"content":{"rendered":"<p><img decoding=\"async\" class=\"wp-image-348 aligncenter\" src=\"http:\/\/bethesdakirche-leipzig.de\/wordpress1\/wp-content\/uploads\/2017\/11\/bethesdakirche_schraeg_1980-768x490.jpg\" alt=\"\" width=\"90%\" srcset=\"https:\/\/bethesdakirche-leipzig.de\/wordpress1\/wp-content\/uploads\/2017\/11\/bethesdakirche_schraeg_1980-768x490.jpg 768w, https:\/\/bethesdakirche-leipzig.de\/wordpress1\/wp-content\/uploads\/2017\/11\/bethesdakirche_schraeg_1980-300x191.jpg 300w, https:\/\/bethesdakirche-leipzig.de\/wordpress1\/wp-content\/uploads\/2017\/11\/bethesdakirche_schraeg_1980-1024x653.jpg 1024w, https:\/\/bethesdakirche-leipzig.de\/wordpress1\/wp-content\/uploads\/2017\/11\/bethesdakirche_schraeg_1980.jpg 1980w\" sizes=\"(max-width: 768px) 100vw, 768px\" \/><\/p>\n<div style=\"text-align: center; text-size: 18px;\">\n<h1>Herzlich willkommen auf der Internetseite<br \/>\nder Leipziger Bethesdagemeinde.<\/h1>\n<p><img loading=\"lazy\" decoding=\"async\" class=\" wp-image-1269 alignright\" src=\"http:\/\/bethesdakirche-leipzig.de\/wordpress1\/wp-content\/uploads\/2018\/09\/IMG_6736-300x225.jpg\" alt=\"\" width=\"237\" height=\"178\" srcset=\"https:\/\/bethesdakirche-leipzig.de\/wordpress1\/wp-content\/uploads\/2018\/09\/IMG_6736-300x225.jpg 300w, https:\/\/bethesdakirche-leipzig.de\/wordpress1\/wp-content\/uploads\/2018\/09\/IMG_6736-768x576.jpg 768w, https:\/\/bethesdakirche-leipzig.de\/wordpress1\/wp-content\/uploads\/2018\/09\/IMG_6736-1024x768.jpg 1024w\" sizes=\"auto, (max-width: 237px) 100vw, 237px\" \/><\/p>\n<h5 style=\"text-align: left;\"><strong>Neu in Leipzig?<br \/>\n<\/strong>Sch\u00f6n, dass Sie unsere Homepage gefunden haben.<br \/>\nHerzlich Willkommen!<br \/>\nEin Umzug ist aufwendig, mit viel Arbeit verbunden und es dauert, bis die neue berufliche Stelle, Schule und KiTa, \u00c4rzte usw. gefunden sind. Ver\u00e4nderungen brauchen Zeit. Wir w\u00fcnschen Ihnen, dass Sie sich in Ihrem neuen Umfeld wohl f\u00fchlen. Vielleicht haben Sie Lust, uns im Gottesdienst sonntags um 10 Uhr zu besuchen? Vielleicht m\u00f6chten Sie aber auch zuerst per E-Mail Kontakt aufzunehmen, um weitere Informationen einzuholen? Das k\u00f6nnen Sie gern tun \u00fcber ramon.heberlein[AT]bethesdakirche-leipzig.de<br \/>\nJede und jeder ist herzlich willkommen \u2013 mit und ohne \u201eKirchenerfahrung\u201c teilzunehmen oder hier und da mitzumachen. Fragen Sie gern nach, im Anschluss an den Gottesdienst stehen Ihnen unsere Gemeindemitglieder gern zum Gespr\u00e4ch zur Verf\u00fcgung.<\/h5>\n<h5 style=\"text-align: left;\"><strong>\u201eIch war schon ewig nicht mehr in einer Kirche. \/ Mit Kirche kenne ich mich nicht aus &#8230;<\/strong><br \/>\n&#8230; doch ich mache mir da so meine Gedanken \u00fcber Sinn und Priorit\u00e4ten in meinem Leben, \u00fcber meine Beziehungen. Ich w\u00fcnsche mir eine Gemeinschaft, zu der ich dazugeh\u00f6ren kann, so wie ich bin, wo ich meine F\u00e4higkeiten und M\u00f6glichkeiten teilen kann mit anderen, mich n\u00fctzlich, hilfreich und anerkannt f\u00fchle und durch andere beschenkt werde &#8230;\u201c Gott verschenkt seinen Segen an jede und jeden!<br \/>\nWer mehr erfahren m\u00f6chte, wie Menschen christlichen Glauben leben und was es ihnen bringt, Gott ihr gesamtes Leben anzuvertrauen, kann gern an einer Gespr\u00e4chsreihe zum Glauben oder einem Glaubenskurs teilnehmen. Vielleicht finden Sie heraus, was Jesus Christus mit Ihnen zu tun haben k\u00f6nnte? Was f\u00fcr eine spannende Reise!<\/h5>\n<h5 style=\"text-align: left;\"><strong>Was liegt uns am Herzen?<\/strong><br \/>\nEine Willkommenskultur zu leben im Geiste von Jesus Christus.<\/h5>\n<h5 style=\"text-align: left;\"><strong>Woher stammt die Gemeinde?<\/strong><br \/>\nSie entstammt einer evangelischen missionarischen Bewegung, die ihren Ursprung im England des 18. Jahrhunderts hat. Mehr Informationen gibt es hier zur\u00a0<a href=\"http:\/\/www.emk.de\/fileadmin\/kirche\/EmK-Kurzinfo.pdf\" target=\"_blank\" rel=\"noopener noreferrer\">Evangelisch-methodistischen Kirche (EmK) Deutschland<\/a>,\u00a0<a href=\"http:\/\/www.emk.de\/glaube\/geschichte-des-methodismus\/\" target=\"_blank\" rel=\"noopener noreferrer\">zur Geschichte des Methodismus<\/a>\u00a0oder auch zu dem, was <a href=\"http:\/\/www.emk.de\/glaube\/typisch-methodistisch\/\" target=\"_blank\" rel=\"noopener noreferrer\">typisch methodistisch<\/a> ist.<\/h5>\n<h5 style=\"text-align: left;\"><strong>Seit wann gibt es uns?<\/strong><br \/>\nDie Gemeinde ist mehr als 100 Jahre alt und seit fast 90 Jahren in Gohlis ans\u00e4ssig.<\/h5>\n<figure id=\"attachment_1127\" aria-describedby=\"caption-attachment-1127\" style=\"width: 148px\" class=\"wp-caption alignleft\"><img loading=\"lazy\" decoding=\"async\" class=\"wp-image-1127\" src=\"http:\/\/bethesdakirche-leipzig.de\/wordpress1\/wp-content\/uploads\/2018\/04\/Fenster-Teich-Bethesda-235x300.jpeg\" alt=\"\" width=\"148\" height=\"189\" srcset=\"https:\/\/bethesdakirche-leipzig.de\/wordpress1\/wp-content\/uploads\/2018\/04\/Fenster-Teich-Bethesda-235x300.jpeg 235w, https:\/\/bethesdakirche-leipzig.de\/wordpress1\/wp-content\/uploads\/2018\/04\/Fenster-Teich-Bethesda.jpeg 480w\" sizes=\"auto, (max-width: 148px) 100vw, 148px\" \/><figcaption id=\"caption-attachment-1127\" class=\"wp-caption-text\">Foto: Frank Eibisch<\/figcaption><\/figure>\n<h5 style=\"text-align: left;\"><strong>Und der Name?<br \/>\n<\/strong>Bethesda bezeichnet in der Bibel (Johannesevangelium, Kapitel 5) eine Teichanlage, in der von alters her Heilungen geschahen. Die gelebte Gemeinschaft unserer Gemeinde will ein Ort sein, an dem der Mensch dem heiligen Gott begegnen kann und Heil findet.<\/h5>\n<h5><\/h5>\n<h5 style=\"text-align: left;\"><strong>Wer ist unsere Pastorin\/unser Pastor?<br \/>\n<\/strong>Katrin Roscher ist unsere Pastorin. Dr. Thomas Roscher ist aufsichtsf\u00fchrender Pastor.<strong><br \/>\n<\/strong><\/h5>\n<\/div>\n<h5><strong>Unser Gemeindevorstand<br \/>\n<\/strong>Der Gemeindevorstand besteht aus dem Pastor\/der Pastorin und aktuell R. Heberlein, M. Kober, S. Landrock, B. Weise, G. K\u00f6hler und L. Wiederanders.<\/h5>\n","protected":false},"excerpt":{"rendered":"<p>Herzlich willkommen auf der Internetseite der Leipziger Bethesdagemeinde. Neu in Leipzig? Sch\u00f6n, dass Sie unsere Homepage gefunden haben. Herzlich Willkommen! Ein Umzug ist aufwendig, mit viel Arbeit verbunden und es dauert, bis die neue berufliche Stelle, Schule und KiTa, \u00c4rzte usw. gefunden sind. Ver\u00e4nderungen brauchen Zeit. Wir w\u00fcnschen Ihnen, dass Sie sich in Ihrem neuen [&hellip;]<\/p>\n","protected":false},"author":2,"featured_media":0,"parent":0,"menu_order":0,"comment_status":"closed","ping_status":"closed","template":"","meta":{"_genesis_hide_title":false,"_genesis_hide_breadcrumbs":false,"_genesis_hide_singular_image":false,"_genesis_hide_footer_widgets":false,"_genesis_custom_body_class":"","_genesis_custom_post_class":"","_genesis_layout":"","h5ap_radio_sources":[],"footnotes":""},"class_list":{"0":"post-55","1":"page","2":"type-page","3":"status-publish","5":"entry"},"_links":{"self":[{"href":"https:\/\/bethesdakirche-leipzig.de\/wordpress1\/wp-json\/wp\/v2\/pages\/55","targetHints":{"allow":["GET"]}}],"collection":[{"href":"https:\/\/bethesdakirche-leipzig.de\/wordpress1\/wp-json\/wp\/v2\/pages"}],"about":[{"href":"https:\/\/bethesdakirche-leipzig.de\/wordpress1\/wp-json\/wp\/v2\/types\/page"}],"author":[{"embeddable":true,"href":"https:\/\/bethesdakirche-leipzig.de\/wordpress1\/wp-json\/wp\/v2\/users\/2"}],"replies":[{"embeddable":true,"href":"https:\/\/bethesdakirche-leipzig.de\/wordpress1\/wp-json\/wp\/v2\/comments?post=55"}],"version-history":[{"count":99,"href":"https:\/\/bethesdakirche-leipzig.de\/wordpress1\/wp-json\/wp\/v2\/pages\/55\/revisions"}],"predecessor-version":[{"id":3612,"href":"https:\/\/bethesdakirche-leipzig.de\/wordpress1\/wp-json\/wp\/v2\/pages\/55\/revisions\/3612"}],"wp:attachment":[{"href":"https:\/\/bethesdakirche-leipzig.de\/wordpress1\/wp-json\/wp\/v2\/media?parent=55"}],"curies":[{"name":"wp","href":"https:\/\/api.w.org\/{rel}","templated":true}]}}