{"id":49,"date":"2017-06-08T21:07:51","date_gmt":"2017-06-08T19:07:51","guid":{"rendered":"http:\/\/bethesdakirche-leipzig.de\/wordpress1\/?page_id=49"},"modified":"2023-06-01T19:42:12","modified_gmt":"2023-06-01T17:42:12","slug":"nordcafe","status":"publish","type":"page","link":"https:\/\/bethesdakirche-leipzig.de\/wordpress1\/nordcafe\/","title":{"rendered":"Nordcaf\u00e9"},"content":{"rendered":"<h3><b>Nordcaf\u00e9<\/b><\/h3>\n<h4><b>Begegnung, Gespr\u00e4ch und Unterst\u00fctzung f\u00fcr Gefl\u00fcchtete, B\u00fcrger*innen, <\/b><b>dienstags 16 \u2013 18 Uhr<\/b><\/h4>\n<div><\/div>\n<p><img loading=\"lazy\" decoding=\"async\" class=\"alignleft\" src=\"http:\/\/bethesdakirche-leipzig.de\/wordpress1\/wp-content\/uploads\/2017\/11\/nordcafe_logo_titel.jpg\" width=\"304\" height=\"502\" align=\"top\" \/>Das Nordcaf\u00e9, ein Gemeinschaftsprojekt zahlreicher Gemeinden und Initiativen des Leipziger Stadtteils Gohlis, ist ein regelm\u00e4\u00dfiges, offenes und niederschwelliges Begegnungsangebot f\u00fcr Menschen mit ganz unterschiedlichen Hintergr\u00fcnden und Nationalit\u00e4ten. Hier kann man sich in lockerer Atmosph\u00e4re treffen und austauschen.<br \/>\nMit unserem Caf\u00e9 m\u00f6chten wir f\u00fcr Offenheit werben und eine Dialogplattform bieten, um einen interkulturellen Austausch zu erm\u00f6glichen sowie auch Verunsicherungen und \u00c4ngste in der Bev\u00f6lkerung abzubauen.<br \/>\nWir laden Sie dazu ein, vorbeizukommen und sich selbst einmal (jeden Dienstag von 16 bis 18 Uhr) ein Bild davon zu machen. Gerne k\u00f6nnen Sie auch selbst aktiv an der einen oder anderen Stelle mitarbeiten.<\/p>\n<p>Haben Sie Fragen, Anregungen, Ideen oder w\u00fcrden gerne regelm\u00e4\u00dfig mit helfen, dann kontaktieren Sie unsere Ansprechpartnerin Ricarda Berger.<\/p>\n<p>Weitere Informationen: <a href=\"http:\/\/weltoffenesgohlis.de\/downloads\/\" target=\"blank\" rel=\"noopener noreferrer\">http:\/\/weltoffenesgohlis.de\/downloads\/<\/a><\/p>\n<p>Gedanken zum Nordcaf\u00e9 von Ricarda Berger lesen Sie <a href=\"http:\/\/bethesdakirche-leipzig.de\/wordpress1\/nordcafe\/gedanken-zum-nordcafe\/\">hier<\/a>.<\/p>\n<p>&nbsp;<\/p>\n<h4>5 Jahre Nordcaf\u00e9 \u2013 ein R\u00fcckblick und sch\u00f6ne Ausblicke! (23. Mai 2022)<\/h4>\n<p>Die Idee, einen Ort der Begegnung zu schaffen, f\u00fchrte 2016 einige engagierte Menschen des Leipziger Nordens zusammen. Verschiedene Kirchgemeinden, die Initiative Weltoffenes Gohlis und der B\u00fcrgerverein Gohlis e. V. brachten sich mit ein, und durch die Unterst\u00fctzung der Evangelisch-methodistischen Kirche fand man die geeigneten R\u00e4umlichkeiten im Haus der Bethesdakirche in der Blumenstra\u00dfe 74.<\/p>\n<p>Das Nordcaf\u00e9 startete am 9. Mai 2017 als ein regelm\u00e4\u00dfiges, offenes Begegnungsangebot, das f\u00fcr Offenheit werben m\u00f6chte und eine Dialogplattform f\u00fcr interkulturellen Austausch bietet. Gleichzeitig sollten AnwohnerInnen und NachbarInnen die Gelegenheit haben, neuangekommene Menschen kennenzulernen, um Verunsicherungen und \u00c4ngste abzubauen.<br \/>\nSeit nunmehr f\u00fcnf Jahren treffen sich im Nordcaf\u00e9 jeden Dienstag von 16 bis 18 Uhr Menschen mit oder ohne Fluchterfahrung, mit unterschiedlichen Hintergr\u00fcnden und Lebensgeschichten.<\/p>\n<p>W\u00e4hrend unsere G\u00e4stinnen und G\u00e4ste zu Anfang mit dem Erlernen der deutschen Sprache zu tun hatten und die Suche nach Wohnraum Geduld erforderte, dreht sich inzwischen viel um die Erfahrungen im Berufsleben und die kleinen und gro\u00dfen Probleme des Alltags.<\/p>\n<p>Einige Menschen sollten nur kurze Zeit bei uns zu Gast sein. Mancher Traum, in Deutschland bleiben zu k\u00f6nnen, erf\u00fcllte sich nicht. Andere G\u00e4stinnen und G\u00e4ste wechselten aufgrund eines Studiums oder Arbeitsplatzes den Wohnort.<br \/>\nUmso mehr freuen wir uns \u00fcber unsere Stammg\u00e4stinnen und -g\u00e4ste, die wir so viele Jahre begleiten und seitdem die gute Entwicklung in Sprachkompetenz und Integration miterleben k\u00f6nnen. Mit gro\u00dfem Flei\u00df und Ehrgeiz haben gerade die jungen Menschen ihren Weg in ein selbstbestimmtes Leben eingeschlagen.<\/p>\n<p>Seit unserer Wiederer\u00f6ffnung Ende M\u00e4rz 2022 drehen sich viele Gespr\u00e4che um die entsetzlichen Geschehnisse in der Ukraine und die politischen Entwicklungen weltweit. Traumatische Erlebnisse und Erfahrungen unserer G\u00e4stinnen und G\u00e4ste, zum \u00fcberwiegenden Teil aus Kriegsgebieten geflohen, kommen durch die aktuellen Bilder wieder in Erinnerung. Immer noch sind Angeh\u00f6rige in Syrien, Afghanistan und Eritrea durch Krieg und Terror bedroht.<\/p>\n<p>Parallel zu unserem Caf\u00e9betrieb besteht seit einem Jahr ein Angebot zur Kinderbetreuung im Kinder- und Jugendzentrum \u201eSeven4Kids\u201c gleich neben dem Caf\u00e9raum. Dort kann unter Anleitung von erfahrenen, lieben Menschen gebastelt, gemalt, gespielt und gestaltet werden.<\/p>\n<p>Nun noch ein sch\u00f6ner R\u00fcckblick: Wir feierten ein gemeinsames Sommerfest mit der Bethesdakirche und dem Kinder- und Jugendzentrum Seven4Kids! Unter dem Motto \u201eBegegnung im Dreiklang\u201c sind wir ein ganzes Wochenende lang ins Gespr\u00e4ch gekommen.<br \/>\nAm Samstag, den 11.06.2022 starteten wir mit Kaffee und Kuchen in den Nachmittag . Dazu gab es ein buntes Programm f\u00fcr Kinder und Jugendliche, wobei sich auch Erwachsene beteiligen durften. Der Tag klang gem\u00fctlich bei Lagerfeuer und Bratwurst aus.<br \/>\nDer Sonntag, 12.06.2022 begann mit einer Andacht, anschlie\u00dfend trug ein Marionettentheater zur Unterhaltung von Gro\u00df und Klein bei. Unser gemeinsames Mittagessen als Mitbringe-Buffet genossen wir bei sch\u00f6nem Wetter im Garten, bevor das Fest gegen 14 Uhr zu Ende ging.<\/p>\n<h4><strong>Nordcaf\u00e9 \u2013 Ort der Begegnung im Ruhemodus\u2026.<\/strong> (08. M\u00e4rz 2021)<\/h4>\n<p>Seit vier Monaten ruht nun der Betrieb des Nordcaf\u00e9s im Keller der methodistischen Bethesdagemeinde.<\/p>\n<p>Ein sch\u00f6nes und wichtiges Ritual, n\u00e4mlich die w\u00f6chentlichen Zusammenk\u00fcnfte von Menschen unterschiedlicher Herkunft, Religion und Alter ist pl\u00f6tzlich zum Stillstand gekommen. Wir hatten nach dem ersten Lockdown im Fr\u00fchjahr 2020 eine gute M\u00f6glichkeit der Begegnung gefunden und uns stets im Freien mit dem gebotenen Abstand getroffen. Dank des stabilen Sommerhochs konnten wir in den Monaten Juli bis Oktober mit bis zu 30 G\u00e4stinnen und G\u00e4sten im Garten oder Hof zusammenkommen. Die Umsetzung des Hygienekonzepts stellte kein Problem dar. Alle Besucherinnen und Besucher hielten sich vorbildlich daran.<\/p>\n<p>Jetzt sind seit November 2020 die T\u00fcren wieder verschlossen. Viele Helferinnen und Helfer sind aber weiterhin aktiv in ihrer Arbeit mit Gefl\u00fcchteten und halten den Kontakt zu unseren G\u00e4stinnen und G\u00e4sten. Dank des Internets kann auch in dieser Zeit Hausaufgabenhilfe geleistet werden.<\/p>\n<p>Besondere Unterst\u00fctzung aber ben\u00f6tigen einige junge und sehr junge Menschen, die w\u00e4hrend der Schulschlie\u00dfung per Homeschooling unterrichtet werden sollten, es im Haushalt aber keinen Computer gibt. So wird von den Ehrenamtlichen gelegentlich auch telefonischer Kontakt zu den Lehrkr\u00e4ften aufgenommen, um Probleme zu besprechen.<\/p>\n<p>Auch die Gespr\u00e4che mit Erwachsenen wurden fortgef\u00fchrt. Einige Gefl\u00fcchtete leiden sehr unter den Einschr\u00e4nkungen und den fehlenden sozialen Kontakten. Dort konnten Telefonate oder Spazierg\u00e4nge etwas Abwechslung vom Alltag und die M\u00f6glichkeit zum pers\u00f6nlichen Austausch bieten.<br \/>\nW\u00f6chentliche Eintr\u00e4ge auf unserer Facebook-Seite soll die Verbindung zu den G\u00e4stinnen und G\u00e4sten wachhalten und auf weitere Hilfsangebote hinweisen.<\/p>\n<p>Sachspenden wie Kleidung, M\u00f6bel, N\u00e4hmaschine konnten an Gefl\u00fcchtete weitergegeben werden. Unterst\u00fctzung gab es ebenfalls bei Fragen zum Aufenthalt und bei Angelegenheiten mit Jobcenter, Jugendamt und Familienkasse.<\/p>\n<p>Es gibt in dieser Zeit auch Hilfsangebote und Kontaktpflege durch Gefl\u00fcchtete. So erledigte ein junger syrischer Mann, der noch in einer Gemeinschaftsunterkunft lebt, die w\u00f6chentlichen Eink\u00e4ufe f\u00fcr eine Mitarbeiterin des Nordcaf\u00e9s. Ein Ehepaar wird mit s\u00fc\u00dfen Leckereien aus der t\u00fcrkischen K\u00fcche verw\u00f6hnt und regelm\u00e4\u00dfig kommen Nachfragen, wann es denn endlich wieder weitergeht mit unserem Caf\u00e9betrieb.<\/p>\n<p>Wir alle \u2013 G\u00e4stinnen und G\u00e4ste sowie Mitarbeitende \u2013 hoffen auf ein baldiges Wiedersehen im Nordcaf\u00e9. Viele Pl\u00e4ne liegen in der Schublade, oder vielmehr kreisen in den K\u00f6pfen der Beteiligten:<\/p>\n<ul>\n<li>Unser Fest zum vierj\u00e4hrigen Bestehen,<\/li>\n<li>das neue Angebot f\u00fcr Kinder im \u201eSeven4Kids-Club\u201c,<\/li>\n<li>unser Sommerfest f\u00fcr die Aktiven,<\/li>\n<li>sogar \u00fcber \u201eAdvent in den H\u00f6fen\u201c wurde bereits gesprochen,<\/li>\n<li>wobei wir nat\u00fcrlich nicht davon ausgehen, dass wir noch so lange die T\u00fcren geschlossen halten m\u00fcssen \u2026<\/li>\n<\/ul>\n<p>Ein sch\u00f6nes Er\u00f6ffnungsfest ist in Planung und wird rechtzeitig bekanntgegeben!<\/p>\n<p>Bis dahin bleiben Sie bitte gesund!<\/p>\n<p><em>Ricarda Berger<\/em><\/p>\n<p>&nbsp;<\/p>\n<h4>Nordcaf\u00e9 feierte zweiten Geburtstag <strong>(Mai 2019)<\/strong><\/h4>\n<p>Es erschienen etwa 70 G\u00e4stinnen und G\u00e4ste, darunter viele neue Gesichter. Nach einer kurzen Begr\u00fc\u00dfung folgte ein musikalischer Auftakt mit kurdischen Musikern und S\u00e4ngern. Sie sorgten f\u00fcr ausgelassene Stimmung, auch wenn vor\u00fcbergehend nur nonverbale Kommunikation m\u00f6glich war. Einige G\u00e4stinnen und G\u00e4ste tanzten zur Musik. In einer Pause verlas Herr F\u00fcnfst\u00fcck das Gru\u00dfwort von Herrn Eibisch, anschlie\u00dfend folgte noch eine kurze Ansprache von Herrn Dr. Kneitschel.<br \/>\nDie Kuchen waren rasch aufgegessen. Dank flei\u00dfiger K\u00f6chinnen konnte eine t\u00fcrkische Linsensuppe, ein syrisches Reisgericht und diverse Salate angeboten werden.<br \/>\nFrau Karstein hatte einen sehr sch\u00f6nen Wandbehang mit den Kindern erarbeitet. Dieser ist nun im Nordcaf\u00e9 zu bestaunen. Herzlichen Dank f\u00fcr die tolle Idee und die aufw\u00e4ndige Vorbereitung! Gegen Ende der Feier erfreute uns der Kinderchor mit Fr\u00fchlingsliedern.<br \/>\nIch danke allen Aktiven, die zum guten Gelingen des Festes beigetragen haben und das gro\u00dfe Aufr\u00e4umen tatkr\u00e4ftig mit unterst\u00fctzten. Es war eine rundum gelungene Feier und die Stimmung war fantastisch!<br \/>\nBis zum 05.06. l\u00e4uft nun der Fastenmonat Ramadan, sodass wir in dieser Zeit mit deutlich weniger G\u00e4stinnen und G\u00e4sten rechnen. Nichtsdestotrotz freue ich mich, viele G\u00e4stinnen und G\u00e4ste in der n\u00e4chsten Zeit im Nordcaf\u00e9 begr\u00fc\u00dfen zu k\u00f6nnen.<\/p>\n<p><em>Ricarda Berger<\/em><\/p>\n<p>&nbsp;<\/p>\n","protected":false},"excerpt":{"rendered":"<p>Nordcaf\u00e9 Begegnung, Gespr\u00e4ch und Unterst\u00fctzung f\u00fcr Gefl\u00fcchtete, B\u00fcrger*innen, dienstags 16 \u2013 18 Uhr Das Nordcaf\u00e9, ein Gemeinschaftsprojekt zahlreicher Gemeinden und Initiativen des Leipziger Stadtteils Gohlis, ist ein regelm\u00e4\u00dfiges, offenes und niederschwelliges Begegnungsangebot f\u00fcr Menschen mit ganz unterschiedlichen Hintergr\u00fcnden und Nationalit\u00e4ten. Hier kann man sich in lockerer Atmosph\u00e4re treffen und austauschen. Mit unserem Caf\u00e9 m\u00f6chten wir [&hellip;]<\/p>\n","protected":false},"author":2,"featured_media":0,"parent":0,"menu_order":0,"comment_status":"closed","ping_status":"closed","template":"","meta":{"_genesis_hide_title":false,"_genesis_hide_breadcrumbs":false,"_genesis_hide_singular_image":false,"_genesis_hide_footer_widgets":false,"_genesis_custom_body_class":"","_genesis_custom_post_class":"","_genesis_layout":"","h5ap_radio_sources":[],"footnotes":""},"class_list":{"0":"post-49","1":"page","2":"type-page","3":"status-publish","5":"entry"},"_links":{"self":[{"href":"https:\/\/bethesdakirche-leipzig.de\/wordpress1\/wp-json\/wp\/v2\/pages\/49","targetHints":{"allow":["GET"]}}],"collection":[{"href":"https:\/\/bethesdakirche-leipzig.de\/wordpress1\/wp-json\/wp\/v2\/pages"}],"about":[{"href":"https:\/\/bethesdakirche-leipzig.de\/wordpress1\/wp-json\/wp\/v2\/types\/page"}],"author":[{"embeddable":true,"href":"https:\/\/bethesdakirche-leipzig.de\/wordpress1\/wp-json\/wp\/v2\/users\/2"}],"replies":[{"embeddable":true,"href":"https:\/\/bethesdakirche-leipzig.de\/wordpress1\/wp-json\/wp\/v2\/comments?post=49"}],"version-history":[{"count":44,"href":"https:\/\/bethesdakirche-leipzig.de\/wordpress1\/wp-json\/wp\/v2\/pages\/49\/revisions"}],"predecessor-version":[{"id":3157,"href":"https:\/\/bethesdakirche-leipzig.de\/wordpress1\/wp-json\/wp\/v2\/pages\/49\/revisions\/3157"}],"wp:attachment":[{"href":"https:\/\/bethesdakirche-leipzig.de\/wordpress1\/wp-json\/wp\/v2\/media?parent=49"}],"curies":[{"name":"wp","href":"https:\/\/api.w.org\/{rel}","templated":true}]}}