{"id":3006,"date":"2022-09-23T17:24:35","date_gmt":"2022-09-23T15:24:35","guid":{"rendered":"http:\/\/bethesdakirche-leipzig.de\/wordpress1\/?page_id=3006"},"modified":"2023-06-14T21:02:24","modified_gmt":"2023-06-14T19:02:24","slug":"twens-kreis","status":"publish","type":"page","link":"https:\/\/bethesdakirche-leipzig.de\/wordpress1\/twens-kreis\/","title":{"rendered":"Twens Kreis"},"content":{"rendered":"<h3>Twens Kreis<\/h3>\n<div class=\"\">Wir treffen uns einmal im Monat auf dem Gel\u00e4nde der Bethesdakirche.<\/div>\n<div><\/div>\n<div class=\"\">Gemeinsame Zeit hei\u00dft f\u00fcr uns Austausch. Austausch \u00fcber das, was uns im Alltag bewegt. Wir denken dar\u00fcber nach, was Christin- und Christsein im t\u00e4glichen Leben bedeuten kann und teilen Erfahrungen. Zusammen lachen, einander zuh\u00f6ren, gegenseitig Mut zusprechen, gemeinsam Beten.<\/div>\n<div class=\"\">Wer Spa\u00df an ehrlichen, ausf\u00fchrlichen Gespr\u00e4chen hat und gerne neue Leute kennenlernen m\u00f6chte, f\u00fcr die oder den ist der Twens-Kreis genau das Richtige.<\/div>\n<div><\/div>\n<div class=\"\">Sei willkommen, egal wo du gerade in deinem Leben stehst oder wann du das letzte Mal was mit Kirche am Hut hattest.<\/div>\n<div><\/div>\n<div class=\"\">Die konkreten Termine sind im <a href=\"https:\/\/bethesdakirche-leipzig.de\/wordpress1\/kalender\/\">Kalender<\/a> zu finden.<\/div>\n<div class=\"\">Wer n\u00e4here Infos m\u00f6chte, kann Mariana Otto gerne schreiben: Mariana.otto[at]kjwost.de<\/div>\n<div><\/div>\n<div><a href=\"http:\/\/bethesdakirche-leipzig.de\/wordpress1\/gemeindegruppen\/\">zur \u00dcbersicht<\/a><\/div>\n","protected":false},"excerpt":{"rendered":"<p>Twens Kreis Wir treffen uns einmal im Monat auf dem Gel\u00e4nde der Bethesdakirche. Gemeinsame Zeit hei\u00dft f\u00fcr uns Austausch. Austausch \u00fcber das, was uns im Alltag bewegt. Wir denken dar\u00fcber nach, was Christin- und Christsein im t\u00e4glichen Leben bedeuten kann und teilen Erfahrungen. Zusammen lachen, einander zuh\u00f6ren, gegenseitig Mut zusprechen, gemeinsam Beten. Wer Spa\u00df an [&hellip;]<\/p>\n","protected":false},"author":2,"featured_media":0,"parent":0,"menu_order":0,"comment_status":"closed","ping_status":"closed","template":"","meta":{"_genesis_hide_title":false,"_genesis_hide_breadcrumbs":false,"_genesis_hide_singular_image":false,"_genesis_hide_footer_widgets":false,"_genesis_custom_body_class":"","_genesis_custom_post_class":"","_genesis_layout":""},"_links":{"self":[{"href":"https:\/\/bethesdakirche-leipzig.de\/wordpress1\/wp-json\/wp\/v2\/pages\/3006"}],"collection":[{"href":"https:\/\/bethesdakirche-leipzig.de\/wordpress1\/wp-json\/wp\/v2\/pages"}],"about":[{"href":"https:\/\/bethesdakirche-leipzig.de\/wordpress1\/wp-json\/wp\/v2\/types\/page"}],"author":[{"embeddable":true,"href":"https:\/\/bethesdakirche-leipzig.de\/wordpress1\/wp-json\/wp\/v2\/users\/2"}],"replies":[{"embeddable":true,"href":"https:\/\/bethesdakirche-leipzig.de\/wordpress1\/wp-json\/wp\/v2\/comments?post=3006"}],"version-history":[{"count":14,"href":"https:\/\/bethesdakirche-leipzig.de\/wordpress1\/wp-json\/wp\/v2\/pages\/3006\/revisions"}],"predecessor-version":[{"id":3206,"href":"https:\/\/bethesdakirche-leipzig.de\/wordpress1\/wp-json\/wp\/v2\/pages\/3006\/revisions\/3206"}],"wp:attachment":[{"href":"https:\/\/bethesdakirche-leipzig.de\/wordpress1\/wp-json\/wp\/v2\/media?parent=3006"}],"curies":[{"name":"wp","href":"https:\/\/api.w.org\/{rel}","templated":true}]}}