{"id":25,"date":"2017-06-08T20:20:19","date_gmt":"2017-06-08T18:20:19","guid":{"rendered":"http:\/\/bethesdakirche-leipzig.de\/wordpress1\/?page_id=25"},"modified":"2023-06-01T19:28:24","modified_gmt":"2023-06-01T17:28:24","slug":"seniorenkreis","status":"publish","type":"page","link":"https:\/\/bethesdakirche-leipzig.de\/wordpress1\/seniorenkreis\/","title":{"rendered":"Seniorenkreis"},"content":{"rendered":"<h2>Seniorenkreis<\/h2>\n<p><img loading=\"lazy\" class=\"wp-image-344 size-medium alignleft\" src=\"http:\/\/bethesdakirche-leipzig.de\/wordpress1\/wp-content\/uploads\/2017\/11\/Senioren3-300x200.jpg\" alt=\"\" width=\"300\" height=\"200\" srcset=\"https:\/\/bethesdakirche-leipzig.de\/wordpress1\/wp-content\/uploads\/2017\/11\/Senioren3-300x200.jpg 300w, https:\/\/bethesdakirche-leipzig.de\/wordpress1\/wp-content\/uploads\/2017\/11\/Senioren3.jpg 640w\" sizes=\"(max-width: 300px) 100vw, 300px\" \/><\/p>\n<div class=\"\">R\u00fcstige Seniorinnen treffen sich zum Austausch in fr\u00f6hlicher Runde. Einmal im Monat sitzen wir zusammen &#8211; bei warmem Wetter im Bethesdagarten -, singen, h\u00f6ren Gedanken aus der Bibel, die uns f\u00fcr den Alltag guttun. Wir nehmen aneinander Anteil und beten f\u00fcr Menschen, die uns am Herzen liegen. Und wir besch\u00e4ftigen uns mit lebenspraktischen Themen, zum Beispiel: Wie verh\u00e4lt es sich mit einer Vorsorgevollmacht und PatientInnenverf\u00fcgung? Wie kann ich f\u00fcr mich vorsorgen? Gerade die Chancen des Alters zu entdecken, bieten gute Gelegenheit, f\u00fcr eine Orientierung in dieser reiferen Lebensphase.<\/div>\n<p><img loading=\"lazy\" class=\"wp-image-2777 size-medium alignright\" src=\"http:\/\/bethesdakirche-leipzig.de\/wordpress1\/wp-content\/uploads\/2021\/11\/Seniorentreff-2021-10-300x225.jpg\" alt=\"\" width=\"300\" height=\"225\" srcset=\"https:\/\/bethesdakirche-leipzig.de\/wordpress1\/wp-content\/uploads\/2021\/11\/Seniorentreff-2021-10-300x225.jpg 300w, https:\/\/bethesdakirche-leipzig.de\/wordpress1\/wp-content\/uploads\/2021\/11\/Seniorentreff-2021-10-1024x768.jpg 1024w, https:\/\/bethesdakirche-leipzig.de\/wordpress1\/wp-content\/uploads\/2021\/11\/Seniorentreff-2021-10-768x576.jpg 768w, https:\/\/bethesdakirche-leipzig.de\/wordpress1\/wp-content\/uploads\/2021\/11\/Seniorentreff-2021-10-1536x1152.jpg 1536w, https:\/\/bethesdakirche-leipzig.de\/wordpress1\/wp-content\/uploads\/2021\/11\/Seniorentreff-2021-10-rotated.jpg 2016w\" sizes=\"(max-width: 300px) 100vw, 300px\" \/><\/p>\n<div class=\"\">Dabei leiten uns S\u00e4tze von \u00a0Klaus-Peter Hertzsch:<\/div>\n<div class=\"\">\n<ol class=\"\">\n<li class=\"\">Niemand\u00a0wei\u00df, was Altsein wirklich bedeutet, ehe er selber alt ist.<\/li>\n<li class=\"\">Alte und Junge leben gleichzeitig in verschiedenen Zeiten.<\/li>\n<li class=\"\">Alt sein hei\u00dft: mit kurzer Zukunft umgehen lernen.<\/li>\n<li class=\"\">Erinnerung im Alter ist Erfahrung, Erfahrung kann Ermutigung sein.<\/li>\n<li class=\"\">Zeit des Alters nutzen hei\u00dft: Gegenwart gestalten.<\/li>\n<li class=\"\">Die lebenslange Gewissheit des Todes zeigt im Alter ein neues Gesicht.<\/li>\n<li class=\"\">Der Trost des Evangeliums kehrt im Alter zu seinen Urspr\u00fcngen zur\u00fcck.<\/li>\n<\/ol>\n<div class=\"\"><span class=\"\">Herzlich willkommen denen, die gern mal dabei sein m\u00f6chten.<\/span><\/div>\n<\/div>\n<p>&nbsp;<\/p>\n<h3>&#8220;Ein wunderbarer Tag!&#8221; &#8211; Ausflug an den Geiseltalsee am 21. September 2021<\/h3>\n<p>Am 21. September erlebten die Seniorinnen und Senioren der Kreuzkirche und der Bethesdakirche einen<br \/>\nwundersch\u00f6nen, entspannten Ausflug an den Geiseltalsee.<\/p>\n<p>Busfahrerin Peggy startete in der L\u00fctzwostr.\/Virchowstr. mit uns und brachte uns nach Braunsbedra zum Eingangstor zum Geiseltal, der Zentralwerkstatt \u201ePf\u00e4nnerhall\u201c. Mit dem \u201eGeiseltal-Express\u201c umkreisten wir den gr\u00f6\u00dften k\u00fcnstlichen geschaffenen See Deutschlands. Am Weinberg \u201eGoldener Steiger\u201c war die Strau\u00dfwirtschaft f\u00fcr eine Weinprobe ge\u00f6ffnet. Hier genossen wir einen exzellenten Ausblick \u00fcber den angelegten Weinhang.<br \/>\nDer Zug brachte uns zum Ausgangspunkt zur\u00fcck. Ein schmackhaftes Grill-Buffet erwartete uns im \u201eEl Retrio\u201c. Gest\u00e4rkt widmeten wir uns schlie\u00dflich der F\u00fchrung in der Zentralwerkstatt \u201ePf\u00e4nnerhall\u201c mit Ausstellungen zum Kohlebergbau, dem Fundort des gigantischen Altelefanten und dem Urpferdchen sowie zum Unternehmen des Abora-Schiffes. Im dortigen Caf\u00e9 lie\u00dfen wir uns schlie\u00dflich nochmals verw\u00f6hnen, bis wir erf\u00fcllt, dankbar und beh\u00fctet zu Hause ankamen.<\/p>\n<p><a href=\"http:\/\/bethesdakirche-leipzig.de\/wordpress1\/gemeindegruppen\/\">zur \u00dcbersicht<\/a><\/p>\n","protected":false},"excerpt":{"rendered":"<p>Seniorenkreis R\u00fcstige Seniorinnen treffen sich zum Austausch in fr\u00f6hlicher Runde. Einmal im Monat sitzen wir zusammen &#8211; bei warmem Wetter im Bethesdagarten -, singen, h\u00f6ren Gedanken aus der Bibel, die uns f\u00fcr den Alltag guttun. Wir nehmen aneinander Anteil und beten f\u00fcr Menschen, die uns am Herzen liegen. Und wir besch\u00e4ftigen uns mit lebenspraktischen Themen, [&hellip;]<\/p>\n","protected":false},"author":2,"featured_media":0,"parent":0,"menu_order":0,"comment_status":"closed","ping_status":"closed","template":"","meta":{"_genesis_hide_title":false,"_genesis_hide_breadcrumbs":false,"_genesis_hide_singular_image":false,"_genesis_hide_footer_widgets":false,"_genesis_custom_body_class":"","_genesis_custom_post_class":"","_genesis_layout":""},"_links":{"self":[{"href":"https:\/\/bethesdakirche-leipzig.de\/wordpress1\/wp-json\/wp\/v2\/pages\/25"}],"collection":[{"href":"https:\/\/bethesdakirche-leipzig.de\/wordpress1\/wp-json\/wp\/v2\/pages"}],"about":[{"href":"https:\/\/bethesdakirche-leipzig.de\/wordpress1\/wp-json\/wp\/v2\/types\/page"}],"author":[{"embeddable":true,"href":"https:\/\/bethesdakirche-leipzig.de\/wordpress1\/wp-json\/wp\/v2\/users\/2"}],"replies":[{"embeddable":true,"href":"https:\/\/bethesdakirche-leipzig.de\/wordpress1\/wp-json\/wp\/v2\/comments?post=25"}],"version-history":[{"count":29,"href":"https:\/\/bethesdakirche-leipzig.de\/wordpress1\/wp-json\/wp\/v2\/pages\/25\/revisions"}],"predecessor-version":[{"id":3153,"href":"https:\/\/bethesdakirche-leipzig.de\/wordpress1\/wp-json\/wp\/v2\/pages\/25\/revisions\/3153"}],"wp:attachment":[{"href":"https:\/\/bethesdakirche-leipzig.de\/wordpress1\/wp-json\/wp\/v2\/media?parent=25"}],"curies":[{"name":"wp","href":"https:\/\/api.w.org\/{rel}","templated":true}]}}