{"id":21,"date":"2017-06-08T20:19:51","date_gmt":"2017-06-08T18:19:51","guid":{"rendered":"http:\/\/bethesdakirche-leipzig.de\/wordpress1\/?page_id=21"},"modified":"2025-04-21T22:11:25","modified_gmt":"2025-04-21T20:11:25","slug":"hauskreis-84","status":"publish","type":"page","link":"https:\/\/bethesdakirche-leipzig.de\/wordpress1\/hauskreis-84\/","title":{"rendered":"Hauskreis &#8217;84"},"content":{"rendered":"<h3><img loading=\"lazy\" class=\"size-medium wp-image-615 alignright\" src=\"http:\/\/bethesdakirche-leipzig.de\/wordpress1\/wp-content\/uploads\/2017\/11\/IMG_9036-300x225.jpg\" alt=\"\" width=\"300\" height=\"225\" srcset=\"https:\/\/bethesdakirche-leipzig.de\/wordpress1\/wp-content\/uploads\/2017\/11\/IMG_9036-300x225.jpg 300w, https:\/\/bethesdakirche-leipzig.de\/wordpress1\/wp-content\/uploads\/2017\/11\/IMG_9036-768x576.jpg 768w, https:\/\/bethesdakirche-leipzig.de\/wordpress1\/wp-content\/uploads\/2017\/11\/IMG_9036-1024x768.jpg 1024w\" sizes=\"(max-width: 300px) 100vw, 300px\" \/><\/h3>\n<h3>Hauskreis &#8217;84<\/h3>\n<h5>Wer sich mit der Bibel auseinandersetzen und miteinander ins Gespr\u00e4ch kommen m\u00f6chte, ist herzlich zum generationen\u00fcbergreifenden Hauskreis \u201984 eingeladen.<\/h5>\n<h5>Wir treffen uns jeden zweiten Montag um 19:30 Uhr in der Wohnung eines anderen Hauskreis-Mitglieds im Leipziger Norden und S\u00fcden. Nach einem gemeinsamen Abendessen l\u00e4sst es sich hervorragend \u00fcber einen Bibeltext oder ein aktuelles Thema diskutieren.<\/h5>\n<h5>Das Nachdenken \u00fcber Gottes Wort und die pers\u00f6nliche Glaubensentwicklung sind dir wichtig? Dann bist du bei uns herzlich willkommen!<\/h5>\n<h5><a href=\"http:\/\/bethesdakirche-leipzig.de\/wordpress1\/gemeindegruppen\/\">zur \u00dcbersicht<\/a><\/h5>\n","protected":false},"excerpt":{"rendered":"<p>Hauskreis &#8217;84 Wer sich mit der Bibel auseinandersetzen und miteinander ins Gespr\u00e4ch kommen m\u00f6chte, ist herzlich zum generationen\u00fcbergreifenden Hauskreis \u201984 eingeladen. Wir treffen uns jeden zweiten Montag um 19:30 Uhr in der Wohnung eines anderen Hauskreis-Mitglieds im Leipziger Norden und S\u00fcden. Nach einem gemeinsamen Abendessen l\u00e4sst es sich hervorragend \u00fcber einen Bibeltext oder ein aktuelles [&hellip;]<\/p>\n","protected":false},"author":2,"featured_media":0,"parent":0,"menu_order":0,"comment_status":"closed","ping_status":"closed","template":"","meta":{"_genesis_hide_title":false,"_genesis_hide_breadcrumbs":false,"_genesis_hide_singular_image":false,"_genesis_hide_footer_widgets":false,"_genesis_custom_body_class":"","_genesis_custom_post_class":"","_genesis_layout":""},"_links":{"self":[{"href":"https:\/\/bethesdakirche-leipzig.de\/wordpress1\/wp-json\/wp\/v2\/pages\/21"}],"collection":[{"href":"https:\/\/bethesdakirche-leipzig.de\/wordpress1\/wp-json\/wp\/v2\/pages"}],"about":[{"href":"https:\/\/bethesdakirche-leipzig.de\/wordpress1\/wp-json\/wp\/v2\/types\/page"}],"author":[{"embeddable":true,"href":"https:\/\/bethesdakirche-leipzig.de\/wordpress1\/wp-json\/wp\/v2\/users\/2"}],"replies":[{"embeddable":true,"href":"https:\/\/bethesdakirche-leipzig.de\/wordpress1\/wp-json\/wp\/v2\/comments?post=21"}],"version-history":[{"count":25,"href":"https:\/\/bethesdakirche-leipzig.de\/wordpress1\/wp-json\/wp\/v2\/pages\/21\/revisions"}],"predecessor-version":[{"id":3506,"href":"https:\/\/bethesdakirche-leipzig.de\/wordpress1\/wp-json\/wp\/v2\/pages\/21\/revisions\/3506"}],"wp:attachment":[{"href":"https:\/\/bethesdakirche-leipzig.de\/wordpress1\/wp-json\/wp\/v2\/media?parent=21"}],"curies":[{"name":"wp","href":"https:\/\/api.w.org\/{rel}","templated":true}]}}