{"id":189,"date":"2017-09-15T11:13:16","date_gmt":"2017-09-15T09:13:16","guid":{"rendered":"http:\/\/bethesdakirche-leipzig.de\/wordpress1\/?page_id=189"},"modified":"2024-11-30T17:21:25","modified_gmt":"2024-11-30T16:21:25","slug":"jugendtreff","status":"publish","type":"page","link":"https:\/\/bethesdakirche-leipzig.de\/wordpress1\/jugendtreff\/","title":{"rendered":"Jugendtreff"},"content":{"rendered":"<p><img loading=\"lazy\" class=\" wp-image-3416 alignright\" src=\"http:\/\/bethesdakirche-leipzig.de\/wordpress1\/wp-content\/uploads\/2024\/11\/115e377e-7093-473d-aeb8-2acfafd725cd-300x225.jpeg\" alt=\"\" width=\"356\" height=\"267\" srcset=\"https:\/\/bethesdakirche-leipzig.de\/wordpress1\/wp-content\/uploads\/2024\/11\/115e377e-7093-473d-aeb8-2acfafd725cd-300x225.jpeg 300w, https:\/\/bethesdakirche-leipzig.de\/wordpress1\/wp-content\/uploads\/2024\/11\/115e377e-7093-473d-aeb8-2acfafd725cd-1024x769.jpeg 1024w, https:\/\/bethesdakirche-leipzig.de\/wordpress1\/wp-content\/uploads\/2024\/11\/115e377e-7093-473d-aeb8-2acfafd725cd-768x576.jpeg 768w, https:\/\/bethesdakirche-leipzig.de\/wordpress1\/wp-content\/uploads\/2024\/11\/115e377e-7093-473d-aeb8-2acfafd725cd-1536x1153.jpeg 1536w, https:\/\/bethesdakirche-leipzig.de\/wordpress1\/wp-content\/uploads\/2024\/11\/115e377e-7093-473d-aeb8-2acfafd725cd.jpeg 1600w\" sizes=\"(max-width: 356px) 100vw, 356px\" \/><\/p>\n<h3>Jugendtreff<\/h3>\n<p>Um den Jugendtreff zu beschreiben, haben wir W\u00f6rter zusammengetragen, die uns rund um unseren Kreis einfallen. Folgende Begriffe kamen dabei heraus: Gemeinschaft, Essen, Tischtennis, Kicker, Spiele, singen, Freude, musizieren, neue Bekanntschaften, akzeptiert, toleriert, zugeh\u00f6rig, lernen f\u00fcrs Leben, offen. Was wir also genau tun und wer wir eigentlich sind, spiegeln diese Worte zu einem Teil mit Sicherheit wieder. Um es allerdings ganz zu erfassen, muss man uns wahrscheinlich erst kennenlernen und es ist jede und jeder (ob Teilnehmende, Mitarbeitende oder Gastredende) herzlich eingeladen, bei uns vorbeizuschauen. Wir treffen uns etwa alle 3 bis 4 Wochen freitagabends ab 18:30 Uhr im Bethesdakeller.<\/p>\n<p><img loading=\"lazy\" class=\"wp-image-544 alignleft\" src=\"http:\/\/bethesdakirche-leipzig.de\/wordpress1\/wp-content\/uploads\/2017\/11\/DSC_0151-300x199.jpg\" alt=\"\" width=\"268\" height=\"178\" srcset=\"https:\/\/bethesdakirche-leipzig.de\/wordpress1\/wp-content\/uploads\/2017\/11\/DSC_0151-300x199.jpg 300w, https:\/\/bethesdakirche-leipzig.de\/wordpress1\/wp-content\/uploads\/2017\/11\/DSC_0151-768x511.jpg 768w, https:\/\/bethesdakirche-leipzig.de\/wordpress1\/wp-content\/uploads\/2017\/11\/DSC_0151-1024x681.jpg 1024w\" sizes=\"(max-width: 268px) 100vw, 268px\" \/><\/p>\n<div>Dort spielen wir gemeinsam, Essen zusammen, sprechen \u00fcber bestimmte Themen, singen, beten und leben gewisserma\u00dfen die oben genannten Dinge. Die Teilnahme ist in der Regel ab der 8. Klasse m\u00f6glich und bleiben darf man, so lange man sich eben jugendlich\u00a0 f\u00fchlt. Wir freuen uns jederzeit \u00fcber neue Gesichter. Also traut euch und kommt vorbei!<\/div>\n<div><\/div>\n<div>Die genauen Termine werden individuell vereinbart und sind im <a href=\"http:\/\/bethesdakirche-leipzig.de\/wordpress1\/kalender\/\">Kalender <\/a>ersichtlich.<\/div>\n<div><\/div>\n<div><\/div>\n<p><a href=\"http:\/\/bethesdakirche-leipzig.de\/wordpress1\/gemeindegruppen\/\">zur \u00dcbersicht<\/a><\/p>\n","protected":false},"excerpt":{"rendered":"<p>Jugendtreff Um den Jugendtreff zu beschreiben, haben wir W\u00f6rter zusammengetragen, die uns rund um unseren Kreis einfallen. Folgende Begriffe kamen dabei heraus: Gemeinschaft, Essen, Tischtennis, Kicker, Spiele, singen, Freude, musizieren, neue Bekanntschaften, akzeptiert, toleriert, zugeh\u00f6rig, lernen f\u00fcrs Leben, offen. Was wir also genau tun und wer wir eigentlich sind, spiegeln diese Worte zu einem Teil [&hellip;]<\/p>\n","protected":false},"author":2,"featured_media":0,"parent":0,"menu_order":0,"comment_status":"closed","ping_status":"closed","template":"","meta":{"_genesis_hide_title":false,"_genesis_hide_breadcrumbs":false,"_genesis_hide_singular_image":false,"_genesis_hide_footer_widgets":false,"_genesis_custom_body_class":"","_genesis_custom_post_class":"","_genesis_layout":""},"_links":{"self":[{"href":"https:\/\/bethesdakirche-leipzig.de\/wordpress1\/wp-json\/wp\/v2\/pages\/189"}],"collection":[{"href":"https:\/\/bethesdakirche-leipzig.de\/wordpress1\/wp-json\/wp\/v2\/pages"}],"about":[{"href":"https:\/\/bethesdakirche-leipzig.de\/wordpress1\/wp-json\/wp\/v2\/types\/page"}],"author":[{"embeddable":true,"href":"https:\/\/bethesdakirche-leipzig.de\/wordpress1\/wp-json\/wp\/v2\/users\/2"}],"replies":[{"embeddable":true,"href":"https:\/\/bethesdakirche-leipzig.de\/wordpress1\/wp-json\/wp\/v2\/comments?post=189"}],"version-history":[{"count":16,"href":"https:\/\/bethesdakirche-leipzig.de\/wordpress1\/wp-json\/wp\/v2\/pages\/189\/revisions"}],"predecessor-version":[{"id":1292,"href":"https:\/\/bethesdakirche-leipzig.de\/wordpress1\/wp-json\/wp\/v2\/pages\/189\/revisions\/1292"}],"wp:attachment":[{"href":"https:\/\/bethesdakirche-leipzig.de\/wordpress1\/wp-json\/wp\/v2\/media?parent=189"}],"curies":[{"name":"wp","href":"https:\/\/api.w.org\/{rel}","templated":true}]}}