{"id":175,"date":"2017-09-15T10:47:27","date_gmt":"2017-09-15T08:47:27","guid":{"rendered":"http:\/\/bethesdakirche-leipzig.de\/wordpress1\/?page_id=175"},"modified":"2026-01-09T20:13:18","modified_gmt":"2026-01-09T19:13:18","slug":"kigo-teenies","status":"publish","type":"page","link":"https:\/\/bethesdakirche-leipzig.de\/wordpress1\/kigo-teenies\/","title":{"rendered":"Kindergottesdienst"},"content":{"rendered":"<h3>Kindergottesdienst<\/h3>\n<figure id=\"attachment_3628\" aria-describedby=\"caption-attachment-3628\" style=\"width: 300px\" class=\"wp-caption alignleft\"><img loading=\"lazy\" class=\"size-medium wp-image-3628\" src=\"http:\/\/bethesdakirche-leipzig.de\/wordpress1\/wp-content\/uploads\/2026\/01\/Foto-Altar-Gemeindefamilienkirche-mit-Rahmen-300x179.jpg\" alt=\"\" width=\"300\" height=\"179\" srcset=\"https:\/\/bethesdakirche-leipzig.de\/wordpress1\/wp-content\/uploads\/2026\/01\/Foto-Altar-Gemeindefamilienkirche-mit-Rahmen-300x179.jpg 300w, https:\/\/bethesdakirche-leipzig.de\/wordpress1\/wp-content\/uploads\/2026\/01\/Foto-Altar-Gemeindefamilienkirche-mit-Rahmen-1024x610.jpg 1024w, https:\/\/bethesdakirche-leipzig.de\/wordpress1\/wp-content\/uploads\/2026\/01\/Foto-Altar-Gemeindefamilienkirche-mit-Rahmen-768x458.jpg 768w, https:\/\/bethesdakirche-leipzig.de\/wordpress1\/wp-content\/uploads\/2026\/01\/Foto-Altar-Gemeindefamilienkirche-mit-Rahmen-1536x915.jpg 1536w, https:\/\/bethesdakirche-leipzig.de\/wordpress1\/wp-content\/uploads\/2026\/01\/Foto-Altar-Gemeindefamilienkirche-mit-Rahmen-2048x1220.jpg 2048w, https:\/\/bethesdakirche-leipzig.de\/wordpress1\/wp-content\/uploads\/2026\/01\/Foto-Altar-Gemeindefamilienkirche-mit-Rahmen-266x160.jpg 266w\" sizes=\"(max-width: 300px) 100vw, 300px\" \/><figcaption id=\"caption-attachment-3628\" class=\"wp-caption-text\">Gemeindefamilienkirche &#8211; ein von den Kindern gedeckter Altartisch<\/figcaption><\/figure>\n<p>Der <strong>Kindergottesdienst<\/strong> findet w\u00f6chentlich nach einem gemeinsamen Start im Gottesdienst parallel zum Gottesdienst f\u00fcr Kinder ab 3 Jahren und bis zur Einsegnung statt. Daf\u00fcr stehen uns der Fischraum, der Sch\u00e4fchenraum und der Bethesdakeller im Untergeschoss zur Verf\u00fcgung. Wir besch\u00e4ftigen uns mit Geschichten aus der Bibel, basteln, malen, tauschen uns aus, singen &#8230;<\/p>\n<figure id=\"attachment_1268\" aria-describedby=\"caption-attachment-1268\" style=\"width: 176px\" class=\"wp-caption alignright\"><img loading=\"lazy\" class=\" wp-image-1268\" src=\"http:\/\/bethesdakirche-leipzig.de\/wordpress1\/wp-content\/uploads\/2018\/09\/IMG_6844-e1537617103721-225x300.jpg\" alt=\"\" width=\"176\" height=\"235\" srcset=\"https:\/\/bethesdakirche-leipzig.de\/wordpress1\/wp-content\/uploads\/2018\/09\/IMG_6844-e1537617103721-225x300.jpg 225w, https:\/\/bethesdakirche-leipzig.de\/wordpress1\/wp-content\/uploads\/2018\/09\/IMG_6844-e1537617103721-768x1024.jpg 768w\" sizes=\"(max-width: 176px) 100vw, 176px\" \/><figcaption id=\"caption-attachment-1268\" class=\"wp-caption-text\">Passahmahl mit Kindern<\/figcaption><\/figure>\n<p>Vier- bis Sechsmal im Jahr gibt es die <strong>Gemeinde-Familienkirche<\/strong>. Hier feiern alle gemeinsam Gottesdienst in einer anderen Form und im Gemeindesaal neben dem Kirchsaal. Hier sitzen wir im Kreis. Der Gottesdienst dauert ca. 45 Minuten und enth\u00e4lt Elemente, die mit allen Sinnen wahrgenommen werden k\u00f6nnen. Der Altar wird am Anfang des Gottesdienstes von den Kindern gedeckt. Zentral ist ein Anspiel oder eine Pantomime zu einem Text in der Bibel. Im Anschluss gibt es Kaffee\/Saft und Kekse oder manchmal auch ein gemeinsames Essen. Die Termine sind <a href=\"http:\/\/bethesdakirche-leipzig.de\/wordpress1\/kalender\/\">im Kalender<\/a> zu finden.<\/p>\n<p>Die Kinder beteiligen sich j\u00e4hrlich aktiv bei dem\u00a0<strong>Projekt &#8220;Kinder helfen Kindern&#8221;<\/strong>\u00a0der Emk Weltmission und sammeln Spenden f\u00fcr das jeweils aktuelle Projekt.<\/p>\n<p>In der Adventszeit \u00fcben wir ein <strong>Krippenspiel<\/strong> ein und f\u00fchren es in der Regel im Rahmen der Gemeindeweihnachtsfeier am 3. Advent auf.<\/p>\n<p>Am Karfreitag feiern wir gemeinsam das <strong>Kinder-Passahmahl<\/strong>.<\/p>\n<p>F\u00fcr die Kinder unter 3 Jahren steht eine Krabbelecke zur Verf\u00fcgung &#8211; der Gottesdienst kann per Audio\u00fcbertragung verfolgt werden.<\/p>\n<p><a href=\"http:\/\/bethesdakirche-leipzig.de\/wordpress1\/gemeindegruppen\/\">zur \u00dcbersicht<\/a><\/p>\n","protected":false},"excerpt":{"rendered":"<p>Kindergottesdienst Der Kindergottesdienst findet w\u00f6chentlich nach einem gemeinsamen Start im Gottesdienst parallel zum Gottesdienst f\u00fcr Kinder ab 3 Jahren und bis zur Einsegnung statt. Daf\u00fcr stehen uns der Fischraum, der Sch\u00e4fchenraum und der Bethesdakeller im Untergeschoss zur Verf\u00fcgung. Wir besch\u00e4ftigen uns mit Geschichten aus der Bibel, basteln, malen, tauschen uns aus, singen &#8230; Vier- bis [&hellip;]<\/p>\n","protected":false},"author":2,"featured_media":0,"parent":0,"menu_order":0,"comment_status":"closed","ping_status":"closed","template":"","meta":{"_genesis_hide_title":false,"_genesis_hide_breadcrumbs":false,"_genesis_hide_singular_image":false,"_genesis_hide_footer_widgets":false,"_genesis_custom_body_class":"","_genesis_custom_post_class":"","_genesis_layout":""},"_links":{"self":[{"href":"https:\/\/bethesdakirche-leipzig.de\/wordpress1\/wp-json\/wp\/v2\/pages\/175"}],"collection":[{"href":"https:\/\/bethesdakirche-leipzig.de\/wordpress1\/wp-json\/wp\/v2\/pages"}],"about":[{"href":"https:\/\/bethesdakirche-leipzig.de\/wordpress1\/wp-json\/wp\/v2\/types\/page"}],"author":[{"embeddable":true,"href":"https:\/\/bethesdakirche-leipzig.de\/wordpress1\/wp-json\/wp\/v2\/users\/2"}],"replies":[{"embeddable":true,"href":"https:\/\/bethesdakirche-leipzig.de\/wordpress1\/wp-json\/wp\/v2\/comments?post=175"}],"version-history":[{"count":33,"href":"https:\/\/bethesdakirche-leipzig.de\/wordpress1\/wp-json\/wp\/v2\/pages\/175\/revisions"}],"predecessor-version":[{"id":3631,"href":"https:\/\/bethesdakirche-leipzig.de\/wordpress1\/wp-json\/wp\/v2\/pages\/175\/revisions\/3631"}],"wp:attachment":[{"href":"https:\/\/bethesdakirche-leipzig.de\/wordpress1\/wp-json\/wp\/v2\/media?parent=175"}],"curies":[{"name":"wp","href":"https:\/\/api.w.org\/{rel}","templated":true}]}}