{"id":1721,"date":"2019-12-01T22:37:46","date_gmt":"2019-12-01T21:37:46","guid":{"rendered":"http:\/\/bethesdakirche-leipzig.de\/wordpress1\/?page_id=1721"},"modified":"2025-04-21T22:10:02","modified_gmt":"2025-04-21T20:10:02","slug":"finanzierung","status":"publish","type":"page","link":"https:\/\/bethesdakirche-leipzig.de\/wordpress1\/angedacht\/finanzierung\/","title":{"rendered":"Finanzierung"},"content":{"rendered":"<table width=\"100%\">\n<tbody>\n<tr>\n<td>\n<h3>Geld ist nicht alles &#8211; zum Gl\u00fcck!<\/h3>\n<h5><img loading=\"lazy\" class=\"size-medium wp-image-1752 alignright\" src=\"http:\/\/bethesdakirche-leipzig.de\/wordpress1\/wp-content\/uploads\/2019\/12\/Geld_Nattanan-Kanchanaprat-auf-Pixabay-300x200.jpg\" alt=\"\" width=\"300\" height=\"200\" srcset=\"https:\/\/bethesdakirche-leipzig.de\/wordpress1\/wp-content\/uploads\/2019\/12\/Geld_Nattanan-Kanchanaprat-auf-Pixabay-300x200.jpg 300w, https:\/\/bethesdakirche-leipzig.de\/wordpress1\/wp-content\/uploads\/2019\/12\/Geld_Nattanan-Kanchanaprat-auf-Pixabay-768x512.jpg 768w, https:\/\/bethesdakirche-leipzig.de\/wordpress1\/wp-content\/uploads\/2019\/12\/Geld_Nattanan-Kanchanaprat-auf-Pixabay-1024x683.jpg 1024w, https:\/\/bethesdakirche-leipzig.de\/wordpress1\/wp-content\/uploads\/2019\/12\/Geld_Nattanan-Kanchanaprat-auf-Pixabay.jpg 1280w\" sizes=\"(max-width: 300px) 100vw, 300px\" \/>Doch mit Geld als gute Gabe Gottes kann viel N\u00fctzliches und Sinnvolles getan werden. Als Freikirche finanzieren wir unsere kirchliche Arbeit nicht \u00fcber Kirchensteuern, sondern ausschlie\u00dflich durch freiwillige Spenden. Davon wird die pastorale Arbeit getragen, sowie alles, was f\u00fcr die Arbeit unserer Gemeinde und f\u00fcr den Standort der Bethesdakirche n\u00f6tig ist.<\/h5>\n<h5>Vielen Dank f\u00fcr Ihre Unterst\u00fctzung durch freiwillige monatliche Beitr\u00e4ge und\/oder einmalige Spenden f\u00fcr bestimmte Projekte. Einige m\u00f6gliche Verwendungszwecke finden Sie unter \u201e<a href=\"http:\/\/bethesdakirche-leipzig.de\/wordpress1\/kontakt\/\">Kontakt<\/a>\u201c.<\/h5>\n<h5>M\u00f6ge der Segen, den Sie weitergeben, zum Segen f\u00fcr andere werden!<\/h5>\n<\/td>\n<\/tr>\n<\/tbody>\n<\/table>\n","protected":false},"excerpt":{"rendered":"<p>Geld ist nicht alles &#8211; zum Gl\u00fcck! Doch mit Geld als gute Gabe Gottes kann viel N\u00fctzliches und Sinnvolles getan werden. Als Freikirche finanzieren wir unsere kirchliche Arbeit nicht \u00fcber Kirchensteuern, sondern ausschlie\u00dflich durch freiwillige Spenden. Davon wird die pastorale Arbeit getragen, sowie alles, was f\u00fcr die Arbeit unserer Gemeinde und f\u00fcr den Standort der [&hellip;]<\/p>\n","protected":false},"author":3,"featured_media":0,"parent":44,"menu_order":0,"comment_status":"closed","ping_status":"closed","template":"","meta":{"_genesis_hide_title":false,"_genesis_hide_breadcrumbs":false,"_genesis_hide_singular_image":false,"_genesis_hide_footer_widgets":false,"_genesis_custom_body_class":"","_genesis_custom_post_class":"","_genesis_layout":""},"_links":{"self":[{"href":"https:\/\/bethesdakirche-leipzig.de\/wordpress1\/wp-json\/wp\/v2\/pages\/1721"}],"collection":[{"href":"https:\/\/bethesdakirche-leipzig.de\/wordpress1\/wp-json\/wp\/v2\/pages"}],"about":[{"href":"https:\/\/bethesdakirche-leipzig.de\/wordpress1\/wp-json\/wp\/v2\/types\/page"}],"author":[{"embeddable":true,"href":"https:\/\/bethesdakirche-leipzig.de\/wordpress1\/wp-json\/wp\/v2\/users\/3"}],"replies":[{"embeddable":true,"href":"https:\/\/bethesdakirche-leipzig.de\/wordpress1\/wp-json\/wp\/v2\/comments?post=1721"}],"version-history":[{"count":6,"href":"https:\/\/bethesdakirche-leipzig.de\/wordpress1\/wp-json\/wp\/v2\/pages\/1721\/revisions"}],"predecessor-version":[{"id":3503,"href":"https:\/\/bethesdakirche-leipzig.de\/wordpress1\/wp-json\/wp\/v2\/pages\/1721\/revisions\/3503"}],"up":[{"embeddable":true,"href":"https:\/\/bethesdakirche-leipzig.de\/wordpress1\/wp-json\/wp\/v2\/pages\/44"}],"wp:attachment":[{"href":"https:\/\/bethesdakirche-leipzig.de\/wordpress1\/wp-json\/wp\/v2\/media?parent=1721"}],"curies":[{"name":"wp","href":"https:\/\/api.w.org\/{rel}","templated":true}]}}