{"id":1356,"date":"2018-11-27T21:38:31","date_gmt":"2018-11-27T20:38:31","guid":{"rendered":"http:\/\/bethesdakirche-leipzig.de\/wordpress1\/?page_id=1356"},"modified":"2023-06-01T19:45:57","modified_gmt":"2023-06-01T17:45:57","slug":"gedanken-zum-nordcafe","status":"publish","type":"page","link":"https:\/\/bethesdakirche-leipzig.de\/wordpress1\/nordcafe\/gedanken-zum-nordcafe\/","title":{"rendered":"Gedanken zum Nordcaf\u00e9"},"content":{"rendered":"<h3><b>Das Nordcaf\u00e9<br \/>\n<\/b><\/h3>\n<h4><b>&#8211; ein Ort der Begegnung, des Kennenlernens und des Gespr\u00e4chs bei Kaffee, Tee und Kuchen<\/b><\/h4>\n<p>Mit einem kleinen Bericht \u00fcber das Nordcaf\u00e9 m\u00f6chte ich einen Einblick in das aktuelle Geschehen geben und mich als Nachfolgerin von Ram\u00f3n Heberlein vorstellen: Ich hei\u00dfe Ricarda Berger, bin 60 Jahre alt und von Beruf Hotelfachfrau.<\/p>\n<p>Meine Motivation an diesem Projekt mitzuwirken, entstammt zu einem aus einer geh\u00f6rigen Portion Neugier auf andere Menschen und ihren Geschichten, sowie aus meiner Einstellung, dass man an der Gestaltung der Gesellschaft aktiv mitwirken sollte, nat\u00fcrlich immer im Rahmen der eigenen M\u00f6glichkeiten. \u201eEs gibt nichts Gutes, au\u00dfer: man tut es.\u201c (Erich K\u00e4stner)<br \/>\nUnser Begegnungsangebot soll nicht nur Menschen mit Migrationsgeschichte ansprechen, sondern alle BewohnerInnen aus dem Umfeld. Mein Ziel ist es, das Nordcaf\u00e9 hier noch bekannter zu machen. Dabei kann ich auf die Unterst\u00fctzung der Initiative \u201eWeltoffenes Gohlis\u201c und des B\u00fcrgervereins Gohlis setzen.<\/p>\n<p>Seit nun mehr sechs Jahren arbeite ich zusammen mit vielen anderen treuen Ehrenamtlichen in unserem Nordcaf\u00e9 mit. Dort treffen sich Menschen unterschiedlichster Herkunft jeden Dienstag von 16 Uhr bis 18 Uhr im Keller der Bethesdagemeinde. Bei gem\u00fctlichem Kerzenlicht und sch\u00f6nem Blumenschmuck kann man an gr\u00f6\u00dferen Tischen in geselliger Runde zusammensitzen oder auch an kleinen Tischen nur zu zweit oder zu dritt Hausaufgaben machen oder erste Kenntnisse in der deutschen Sprache erwerben.<br \/>\nEine Gruppe von Ehrenamtlichen hilft bei der Vor- und Nachbereitung f\u00fcr den Caf\u00e9betrieb, andere wiederum bei den Hausaufgaben und durch Unterst\u00fctzung bei der Beantwortung von Post oder bei Antr\u00e4gen gegen\u00fcber Beh\u00f6rden.<br \/>\nEin wichtiger Beitrag ist die Kuchenspende, denn unser Angebot ist f\u00fcr die G\u00e4stinnen und G\u00e4ste kostenlos. Einige B\u00e4ckerinnen sorgen jede Woche f\u00fcr leckeres Backwerk, weitere Kuchenspenden sind jedoch sehr willkommen!!<\/p>\n<p>Unsere treue G\u00e4steschar ist uns Motivation und Freude zugleich, wenn es dienstags um 18 Uhr hei\u00dft: \u201eNa, dann, bis n\u00e4chste Woche!\u201c und manch G\u00e4stin und manch\u00a0 Gast noch den Besen in die Hand nimmt, um mit auszukehren &#8230;!<\/p>\n<p>Wir alle freuen uns \u00fcber neue G\u00e4stinnen und G\u00e4ste und hei\u00dfen Sie herzlich willkommen im Nordcaf\u00e9!<\/p>\n<p><em>Ricarda Berger<\/em><\/p>\n","protected":false},"excerpt":{"rendered":"<p>Das Nordcaf\u00e9 &#8211; ein Ort der Begegnung, des Kennenlernens und des Gespr\u00e4chs bei Kaffee, Tee und Kuchen Mit einem kleinen Bericht \u00fcber das Nordcaf\u00e9 m\u00f6chte ich einen Einblick in das aktuelle Geschehen geben und mich als Nachfolgerin von Ram\u00f3n Heberlein vorstellen: Ich hei\u00dfe Ricarda Berger, bin 60 Jahre alt und von Beruf Hotelfachfrau. Meine Motivation [&hellip;]<\/p>\n","protected":false},"author":3,"featured_media":0,"parent":49,"menu_order":0,"comment_status":"closed","ping_status":"closed","template":"","meta":{"_genesis_hide_title":false,"_genesis_hide_breadcrumbs":false,"_genesis_hide_singular_image":false,"_genesis_hide_footer_widgets":false,"_genesis_custom_body_class":"","_genesis_custom_post_class":"","_genesis_layout":"","h5ap_radio_sources":[],"footnotes":""},"class_list":{"0":"post-1356","1":"page","2":"type-page","3":"status-publish","5":"entry"},"_links":{"self":[{"href":"https:\/\/bethesdakirche-leipzig.de\/wordpress1\/wp-json\/wp\/v2\/pages\/1356","targetHints":{"allow":["GET"]}}],"collection":[{"href":"https:\/\/bethesdakirche-leipzig.de\/wordpress1\/wp-json\/wp\/v2\/pages"}],"about":[{"href":"https:\/\/bethesdakirche-leipzig.de\/wordpress1\/wp-json\/wp\/v2\/types\/page"}],"author":[{"embeddable":true,"href":"https:\/\/bethesdakirche-leipzig.de\/wordpress1\/wp-json\/wp\/v2\/users\/3"}],"replies":[{"embeddable":true,"href":"https:\/\/bethesdakirche-leipzig.de\/wordpress1\/wp-json\/wp\/v2\/comments?post=1356"}],"version-history":[{"count":5,"href":"https:\/\/bethesdakirche-leipzig.de\/wordpress1\/wp-json\/wp\/v2\/pages\/1356\/revisions"}],"predecessor-version":[{"id":3159,"href":"https:\/\/bethesdakirche-leipzig.de\/wordpress1\/wp-json\/wp\/v2\/pages\/1356\/revisions\/3159"}],"up":[{"embeddable":true,"href":"https:\/\/bethesdakirche-leipzig.de\/wordpress1\/wp-json\/wp\/v2\/pages\/49"}],"wp:attachment":[{"href":"https:\/\/bethesdakirche-leipzig.de\/wordpress1\/wp-json\/wp\/v2\/media?parent=1356"}],"curies":[{"name":"wp","href":"https:\/\/api.w.org\/{rel}","templated":true}]}}