{"id":1112,"date":"2018-04-20T22:06:22","date_gmt":"2018-04-20T20:06:22","guid":{"rendered":"http:\/\/bethesdakirche-leipzig.de\/wordpress1\/?page_id=1112"},"modified":"2023-06-15T22:11:45","modified_gmt":"2023-06-15T20:11:45","slug":"seelsorge","status":"publish","type":"page","link":"https:\/\/bethesdakirche-leipzig.de\/wordpress1\/seelsorge\/","title":{"rendered":"Seelsorge"},"content":{"rendered":"<p><img loading=\"lazy\" class=\"wp-image-2688 alignright\" src=\"http:\/\/bethesdakirche-leipzig.de\/wordpress1\/wp-content\/uploads\/2021\/04\/Pusteblume-300x200.jpg\" alt=\"\" width=\"401\" height=\"267\" srcset=\"https:\/\/bethesdakirche-leipzig.de\/wordpress1\/wp-content\/uploads\/2021\/04\/Pusteblume-300x200.jpg 300w, https:\/\/bethesdakirche-leipzig.de\/wordpress1\/wp-content\/uploads\/2021\/04\/Pusteblume-1024x683.jpg 1024w, https:\/\/bethesdakirche-leipzig.de\/wordpress1\/wp-content\/uploads\/2021\/04\/Pusteblume-768x512.jpg 768w, https:\/\/bethesdakirche-leipzig.de\/wordpress1\/wp-content\/uploads\/2021\/04\/Pusteblume-1536x1024.jpg 1536w, https:\/\/bethesdakirche-leipzig.de\/wordpress1\/wp-content\/uploads\/2021\/04\/Pusteblume.jpg 1920w\" sizes=\"(max-width: 401px) 100vw, 401px\" \/><\/p>\n<h3>Angebot Seelsorge<\/h3>\n<p>Manchmal tut es gut, mit einer fremden Person \u00fcber sehr pers\u00f6nliche Angelegenheiten zu sprechen. Manchmal m\u00f6chte man sich n\u00e4chsten Vertrauten nicht anvertrauen. Manchmal sucht jemand ein von der famili\u00e4ren Situation unabh\u00e4ngiges Gegen\u00fcber. Manchmal braucht jemand ein Gespr\u00e4ch, um in einer Situation klarer zu sehen und zu einer Entscheidung zu gelangen. Oder jemand will in einem Gespr\u00e4ch ihre\/seine Gedanken und Gef\u00fchle sortieren. Manchmal braucht jemand ein offenes Ohr.<\/p>\n<p>Personen, die in Seelsorge ausgebildet sind, stehen in unserer Gemeinde daf\u00fcr gern zur Verf\u00fcgung. Wer jemanden mal zum Reden und\/oder auch Beten sucht, wende sich gern an:<\/p>\n<p>Arne-Horst Kober (arne-horst.kober[at]bethesdakirche-leipzig.de)<\/p>\n<p>Seelsorgliche Gespr\u00e4che sind vertraulich und unterliegen der Schweigepflicht.<\/p>\n","protected":false},"excerpt":{"rendered":"<p>Angebot Seelsorge Manchmal tut es gut, mit einer fremden Person \u00fcber sehr pers\u00f6nliche Angelegenheiten zu sprechen. Manchmal m\u00f6chte man sich n\u00e4chsten Vertrauten nicht anvertrauen. Manchmal sucht jemand ein von der famili\u00e4ren Situation unabh\u00e4ngiges Gegen\u00fcber. Manchmal braucht jemand ein Gespr\u00e4ch, um in einer Situation klarer zu sehen und zu einer Entscheidung zu gelangen. Oder jemand will [&hellip;]<\/p>\n","protected":false},"author":2,"featured_media":0,"parent":0,"menu_order":0,"comment_status":"closed","ping_status":"closed","template":"","meta":{"_genesis_hide_title":false,"_genesis_hide_breadcrumbs":false,"_genesis_hide_singular_image":false,"_genesis_hide_footer_widgets":false,"_genesis_custom_body_class":"","_genesis_custom_post_class":"","_genesis_layout":""},"_links":{"self":[{"href":"https:\/\/bethesdakirche-leipzig.de\/wordpress1\/wp-json\/wp\/v2\/pages\/1112"}],"collection":[{"href":"https:\/\/bethesdakirche-leipzig.de\/wordpress1\/wp-json\/wp\/v2\/pages"}],"about":[{"href":"https:\/\/bethesdakirche-leipzig.de\/wordpress1\/wp-json\/wp\/v2\/types\/page"}],"author":[{"embeddable":true,"href":"https:\/\/bethesdakirche-leipzig.de\/wordpress1\/wp-json\/wp\/v2\/users\/2"}],"replies":[{"embeddable":true,"href":"https:\/\/bethesdakirche-leipzig.de\/wordpress1\/wp-json\/wp\/v2\/comments?post=1112"}],"version-history":[{"count":9,"href":"https:\/\/bethesdakirche-leipzig.de\/wordpress1\/wp-json\/wp\/v2\/pages\/1112\/revisions"}],"predecessor-version":[{"id":3208,"href":"https:\/\/bethesdakirche-leipzig.de\/wordpress1\/wp-json\/wp\/v2\/pages\/1112\/revisions\/3208"}],"wp:attachment":[{"href":"https:\/\/bethesdakirche-leipzig.de\/wordpress1\/wp-json\/wp\/v2\/media?parent=1112"}],"curies":[{"name":"wp","href":"https:\/\/api.w.org\/{rel}","templated":true}]}}